{"id":904,"date":"2025-05-17T08:34:34","date_gmt":"2025-05-17T08:34:34","guid":{"rendered":"https:\/\/praiadasconchas.pt\/?page_id=904"},"modified":"2026-02-17T16:49:21","modified_gmt":"2026-02-17T16:49:21","slug":"regras-de-estadia-e-politica-de-cancelamento","status":"publish","type":"page","link":"https:\/\/praiadasconchas.pt\/en\/regras-de-estadia-e-politica-de-cancelamento\/","title":{"rendered":"House Rules and Cancellation Policy"},"content":{"rendered":"<h2 class=\"wp-block-heading\"><strong>Rules of Stay<\/strong><\/h2>\n\n\n\n<h3 class=\"wp-block-heading\"><strong>Check-in and Check-out<\/strong><\/h3>\n\n\n\n<p>Check-in: A partir das 17h00 (flex\u00edvel mediante disponibilidade)<br>Check-out: At\u00e9 \u00e0s 10h00<\/p>\n\n\n\n<p>Antes do check-in, ter\u00e1 de apresentar identifica\u00e7\u00e3o oficial e fazer o pagamento da cau\u00e7\u00e3o. Os pedidos especiais est\u00e3o sujeitos a disponibilidade no momento do check-in e poder\u00e3o implicar custos adicionais. N\u00e3o \u00e9 poss\u00edvel garantir pedidos especiais.<\/p>\n\n\n\n<h3 class=\"wp-block-heading\"><strong>Security deposit<\/strong><\/h3>\n\n\n\n<p>Cau\u00e7\u00e3o base: \u20ac500 por reserva<br>Cau\u00e7\u00e3o alternativa: \u20ac100 por pessoa se todos os h\u00f3spedes tiverem 25 anos ou menos<br>Pagamento: At\u00e9 1 dia antes da chegada<\/p>\n\n\n\n<p>A cau\u00e7\u00e3o cobre danos acidentais (ex.: objetos partidos ou em falta, manchas em roupa de cama ou toalhas causadas por protetor solar ou maquilhagem), assim como situa\u00e7\u00f5es de limpeza excecional ap\u00f3s o check-out.<\/p>\n\n\n\n<div class=\"wp-block-group\"><div class=\"wp-block-group__inner-container is-layout-constrained wp-block-group-is-layout-constrained\">\n<div class=\"wp-block-group\"><div class=\"wp-block-group__inner-container is-layout-constrained wp-block-group-is-layout-constrained\">\n<p>Caso seja necess\u00e1rio aplicar algum desconto, o h\u00f3spede ser\u00e1 informado previamente. O valor restante da cau\u00e7\u00e3o ser\u00e1 reembolsado por transfer\u00eancia banc\u00e1ria at\u00e9 7 dias ap\u00f3s o check-out.<\/p>\n\n\n\n<h3 class=\"wp-block-heading\"><strong>Estadias de Longa Dura\u00e7\u00e3o (28 ou mais noites)<\/strong><\/h3>\n\n\n\n<p>Estadias longas s\u00e3o bem-vindas entre o in\u00edcio de Outubro e meados de Maio.<br>\u00c9 necess\u00e1ria uma cau\u00e7\u00e3o de \u20ac500 antes do check-in. Ser\u00e1 partilhado um invent\u00e1rio no momento da chegada, que ser\u00e1 revisto cuidadosamente no check-out.<br>Aplica-se a mesma pol\u00edtica de danos das estadias de curta dura\u00e7\u00e3o.<\/p>\n<\/div><\/div>\n\n\n\n<p>A limpeza semanal \u00e9 obrigat\u00f3ria e inclui roupa de cama e toalhas: \u20ac50\/semana, paga antecipadamente.<br>Os consumos dom\u00e9sticos est\u00e3o inclu\u00eddos at\u00e9 \u20ac150\/m\u00eas; qualquer valor excedente ser\u00e1 cobrado com base nas leituras dos contadores.<\/p>\n<\/div><\/div>\n\n\n\n<p>N\u00e3o \u00e9 permitido subarrendamento e o n\u00famero m\u00e1ximo de h\u00f3spedes deve ser respeitado durante toda a estadia.<br>Para reservas superiores a 4 semanas, poder\u00e3o ocorrer inspe\u00e7\u00f5es a meio da estadia.<br>Por favor, entre em contacto antes de reservar caso tenha d\u00favidas sobre esta pol\u00edtica.<br><\/p>\n\n\n\n<h2 class=\"wp-block-heading\"><strong>Pol\u00edtica de Cancelamento<\/strong><\/h2>\n\n\n\n<p>Free cancellation up to 30 days before check-in.<\/p>\n\n\n\n<h3 class=\"wp-block-heading\"><strong>Cancelamento para estadias longas<\/strong><\/h3>\n\n\n\n<p>Cancelamento gratuito se feito at\u00e9 48 horas ap\u00f3s a reserva e pelo menos 28 dias antes do check-in.<br>Ap\u00f3s este per\u00edodo, os primeiros 30 dias da estadia n\u00e3o s\u00e3o reembols\u00e1veis.<\/p>","protected":false},"excerpt":{"rendered":"<p>Regras de Estadia Check-in e Check-out Check-in: A partir das 17h00 (flex\u00edvel mediante disponibilidade)Check-out: At\u00e9 \u00e0s 10h00 Antes do check-in, ter\u00e1 de apresentar identifica\u00e7\u00e3o oficial e fazer o pagamento da cau\u00e7\u00e3o. Os pedidos especiais est\u00e3o sujeitos a disponibilidade no momento do check-in e poder\u00e3o implicar custos adicionais. N\u00e3o \u00e9 poss\u00edvel garantir pedidos especiais. Cau\u00e7\u00e3o Cau\u00e7\u00e3o [&hellip;]<\/p>","protected":false},"author":1,"featured_media":0,"parent":0,"menu_order":0,"comment_status":"closed","ping_status":"closed","template":"","meta":{"footnotes":""},"class_list":["post-904","page","type-page","status-publish","hentry"],"acpt":null,"_links":{"self":[{"href":"https:\/\/praiadasconchas.pt\/en\/wp-json\/wp\/v2\/pages\/904","targetHints":{"allow":["GET"]}}],"collection":[{"href":"https:\/\/praiadasconchas.pt\/en\/wp-json\/wp\/v2\/pages"}],"about":[{"href":"https:\/\/praiadasconchas.pt\/en\/wp-json\/wp\/v2\/types\/page"}],"author":[{"embeddable":true,"href":"https:\/\/praiadasconchas.pt\/en\/wp-json\/wp\/v2\/users\/1"}],"replies":[{"embeddable":true,"href":"https:\/\/praiadasconchas.pt\/en\/wp-json\/wp\/v2\/comments?post=904"}],"version-history":[{"count":0,"href":"https:\/\/praiadasconchas.pt\/en\/wp-json\/wp\/v2\/pages\/904\/revisions"}],"wp:attachment":[{"href":"https:\/\/praiadasconchas.pt\/en\/wp-json\/wp\/v2\/media?parent=904"}],"curies":[{"name":"wp","href":"https:\/\/api.w.org\/{rel}","templated":true}]}}